{"id":2309,"date":"2019-10-09T17:41:38","date_gmt":"2019-10-09T15:41:38","guid":{"rendered":"http:\/\/s793694799.onlinehome.fr\/avisos-juridicos\/"},"modified":"2023-01-27T23:50:50","modified_gmt":"2023-01-27T22:50:50","slug":"avisos-juridicos","status":"publish","type":"page","link":"https:\/\/celestemountainlodge.com\/es\/avisos-juridicos\/","title":{"rendered":"AVISOS JUR\u00cdDICOS"},"content":{"rendered":"\t\t<div data-elementor-type=\"wp-page\" data-elementor-id=\"2309\" class=\"elementor elementor-2309 elementor-1490\" data-elementor-post-type=\"page\">\n\t\t\t\t\t\t<section class=\"elementor-section elementor-top-section elementor-element elementor-element-4d3c2d9 elementor-section-height-min-height elementor-section-stretched elementor-section-full_width elementor-section-height-default elementor-section-items-middle elementor-invisible\" data-id=\"4d3c2d9\" data-element_type=\"section\" data-e-type=\"section\" data-settings=\"{&quot;background_background&quot;:&quot;classic&quot;,&quot;stretch_section&quot;:&quot;section-stretched&quot;,&quot;shape_divider_bottom&quot;:&quot;waves&quot;,&quot;shape_divider_bottom_negative&quot;:&quot;yes&quot;,&quot;animation&quot;:&quot;fadeInDown&quot;}\">\n\t\t\t\t\t<div class=\"elementor-shape elementor-shape-bottom\" aria-hidden=\"true\" data-negative=\"true\">\n\t\t\t<svg xmlns=\"http:\/\/www.w3.org\/2000\/svg\" viewBox=\"0 0 1000 100\" preserveAspectRatio=\"none\">\n\t<path class=\"elementor-shape-fill\" d=\"M790.5,93.1c-59.3-5.3-116.8-18-192.6-50c-29.6-12.7-76.9-31-100.5-35.9c-23.6-4.9-52.6-7.8-75.5-5.3\n\tc-10.2,1.1-22.6,1.4-50.1,7.4c-27.2,6.3-58.2,16.6-79.4,24.7c-41.3,15.9-94.9,21.9-134,22.6C72,58.2,0,25.8,0,25.8V100h1000V65.3\n\tc0,0-51.5,19.4-106.2,25.7C839.5,97,814.1,95.2,790.5,93.1z\"\/>\n<\/svg>\t\t<\/div>\n\t\t\t\t\t<div class=\"elementor-container elementor-column-gap-default\">\n\t\t\t\t\t<div class=\"elementor-column elementor-col-100 elementor-top-column elementor-element elementor-element-4ee85af\" data-id=\"4ee85af\" data-element_type=\"column\" data-e-type=\"column\">\n\t\t\t<div class=\"elementor-widget-wrap elementor-element-populated\">\n\t\t\t\t\t\t<div class=\"elementor-element elementor-element-df2d184 elementor-widget elementor-widget-heading\" data-id=\"df2d184\" data-element_type=\"widget\" data-e-type=\"widget\" data-widget_type=\"heading.default\">\n\t\t\t\t\t<h1 class=\"elementor-heading-title elementor-size-default\">AVISOS JUR\u00cdDICOS<\/h1>\t\t\t\t<\/div>\n\t\t\t\t\t<\/div>\n\t\t<\/div>\n\t\t\t\t\t<\/div>\n\t\t<\/section>\n\t\t\t\t<section class=\"elementor-section elementor-top-section elementor-element elementor-element-0b21933 elementor-section-boxed elementor-section-height-default elementor-section-height-default\" data-id=\"0b21933\" data-element_type=\"section\" data-e-type=\"section\">\n\t\t\t\t\t\t<div class=\"elementor-container elementor-column-gap-default\">\n\t\t\t\t\t<div class=\"elementor-column elementor-col-100 elementor-top-column elementor-element elementor-element-f0d08aa\" data-id=\"f0d08aa\" data-element_type=\"column\" data-e-type=\"column\" data-settings=\"{&quot;background_background&quot;:&quot;classic&quot;}\">\n\t\t\t<div class=\"elementor-widget-wrap elementor-element-populated\">\n\t\t\t\t\t\t<div class=\"elementor-element elementor-element-706fecab elementor-widget elementor-widget-heading\" data-id=\"706fecab\" data-element_type=\"widget\" data-e-type=\"widget\" data-widget_type=\"heading.default\">\n\t\t\t\t\t<h4 class=\"elementor-heading-title elementor-size-default\">Propietario :<\/h4>\t\t\t\t<\/div>\n\t\t\t\t<div class=\"elementor-element elementor-element-27b4c53 elementor-widget elementor-widget-text-editor\" data-id=\"27b4c53\" data-element_type=\"widget\" data-e-type=\"widget\" data-widget_type=\"text-editor.default\">\n\t\t\t\t\t\t\t\t\t<p><strong>Editor del Sitio:<\/strong> Grupo Hotelero Camino Celeste, S.A.<\/p>\n<p><strong>Registro Mercantil:<\/strong> 3-101-422-670<\/p>\n<p><strong>Director de redacci\u00f3n:<\/strong> Joel Marchal<\/p>\n<p><strong>Direcci\u00f3n:<\/strong> Bijagua, Alajuela, Costa Rica. Apdo. 305-2250 Tres R\u00edos, Costa Rica, Am\u00e9rica Central<\/p>\n<p><strong>Tel\u00e9fono:<\/strong> +506 2278 6628<\/p>\n<p><strong>Email:<\/strong> info@celestemountainlodge.com<\/p>\n<p><strong>Sitio web:<\/strong> celestemountainlodge.com<\/p>\n\t\t\t\t\t\t\t\t<\/div>\n\t\t\t\t<div class=\"elementor-element elementor-element-6c50cc1a elementor-widget elementor-widget-heading\" data-id=\"6c50cc1a\" data-element_type=\"widget\" data-e-type=\"widget\" data-widget_type=\"heading.default\">\n\t\t\t\t\t<h4 class=\"elementor-heading-title elementor-size-default\">Condiciones de uso :<\/h4>\t\t\t\t<\/div>\n\t\t\t\t<div class=\"elementor-element elementor-element-7cc6bccd elementor-widget elementor-widget-text-editor\" data-id=\"7cc6bccd\" data-element_type=\"widget\" data-e-type=\"widget\" data-widget_type=\"text-editor.default\">\n\t\t\t\t\t\t\t\t\t<p>Grupo Hotelero Camino Celeste S.A. utiliza todos los medios a su alcance para garantizar la fiabilidad de la informaci\u00f3n y la actualizaci\u00f3n de sus p\u00e1ginas web. Sin embargo, pueden producirse errores u omisiones. Por lo tanto, el usuario de Internet debe garantizar la exactitud de la informaci\u00f3n y comunicar cualquier cambio en el sitio que considere \u00fatil. no es en modo alguno responsable del uso que se haga de esta informaci\u00f3n, ni de cualquier da\u00f1o directo o indirecto que pueda derivarse de la misma.<\/p>\n\t\t\t\t\t\t\t\t<\/div>\n\t\t\t\t<div class=\"elementor-element elementor-element-55e05d70 elementor-widget elementor-widget-heading\" data-id=\"55e05d70\" data-element_type=\"widget\" data-e-type=\"widget\" data-widget_type=\"heading.default\">\n\t\t\t\t\t<h4 class=\"elementor-heading-title elementor-size-default\">Cookies :<\/h4>\t\t\t\t<\/div>\n\t\t\t\t<div class=\"elementor-element elementor-element-282e3a79 elementor-widget elementor-widget-text-editor\" data-id=\"282e3a79\" data-element_type=\"widget\" data-e-type=\"widget\" data-widget_type=\"text-editor.default\">\n\t\t\t\t\t\t\t\t\t<p>El sitio web celestemountainlodge.com puede pedirle que acepte cookies con fines estad\u00edsticos y de visualizaci\u00f3n. Una cookie es la informaci\u00f3n que el servidor del sitio que est\u00e1 visitando coloca en su disco duro. Contiene varios datos que se almacenan en su ordenador en un simple archivo de texto al que accede un servidor para leer y guardar informaci\u00f3n. Algunas partes de este sitio no pueden funcionar sin la aceptaci\u00f3n de cookies.<\/p>\n\t\t\t\t\t\t\t\t<\/div>\n\t\t\t\t<div class=\"elementor-element elementor-element-1c1da310 elementor-widget elementor-widget-heading\" data-id=\"1c1da310\" data-element_type=\"widget\" data-e-type=\"widget\" data-widget_type=\"heading.default\">\n\t\t\t\t\t<h4 class=\"elementor-heading-title elementor-size-default\">Enlaces externos :<\/h4>\t\t\t\t<\/div>\n\t\t\t\t<div class=\"elementor-element elementor-element-50bb5ce0 elementor-widget elementor-widget-text-editor\" data-id=\"50bb5ce0\" data-element_type=\"widget\" data-e-type=\"widget\" data-widget_type=\"text-editor.default\">\n\t\t\t\t\t\t\t\t\t<p>Los sitios web pueden ofrecer enlaces a otros sitios web u otros recursos disponibles en Internet. Grupo Hotelero Camino Celeste S.A. no dispone de ning\u00fan medio para controlar los sitios enlazados a sus p\u00e1ginas web. no garantiza ni garantiza la disponibilidad de dichos sitios y fuentes externas. No se hace responsable de los da\u00f1os y perjuicios de cualquier naturaleza que puedan derivarse de los contenidos de estas p\u00e1ginas o fuentes externas, y en particular de la informaci\u00f3n, productos o servicios que ofrecen, as\u00ed como del uso que pueda hacerse de los mismos. Los riesgos asociados a este uso son enteramente responsabilidad del usuario de Internet, que debe cumplir con sus condiciones de uso.<\/p>\n\t\t\t\t\t\t\t\t<\/div>\n\t\t\t\t<div class=\"elementor-element elementor-element-5a60f5e6 elementor-widget elementor-widget-heading\" data-id=\"5a60f5e6\" data-element_type=\"widget\" data-e-type=\"widget\" data-widget_type=\"heading.default\">\n\t\t\t\t\t<h4 class=\"elementor-heading-title elementor-size-default\">Servicios prestados :<\/h4>\t\t\t\t<\/div>\n\t\t\t\t<div class=\"elementor-element elementor-element-3ff29c76 elementor-widget elementor-widget-text-editor\" data-id=\"3ff29c76\" data-element_type=\"widget\" data-e-type=\"widget\" data-widget_type=\"text-editor.default\">\n\t\t\t\t\t\t\t\t\t<p>Todas las actividades del lodge y su informaci\u00f3n se presentan en nuestro sitio web celestemountainlodge.com. Grupo Hotelero Camino Celeste S.A. se esfuerza por proporcionar la informaci\u00f3n m\u00e1s precisa posible en el sitio web celestemountainlodge.com. La informaci\u00f3n en el sitio web celestemountainlodge.com no es exhaustiva y las fotos no son contractuales. Se dan sujetos a las modificaciones que se han hecho desde que se pusieron en l\u00ednea. Adem\u00e1s, toda la informaci\u00f3n indicada en el sitio web celestemountainlodge.com se proporciona \u00fanicamente con fines informativos, y est\u00e1 sujeta a cambios o evoluci\u00f3n sin previo aviso.<\/p>\n\t\t\t\t\t\t\t\t<\/div>\n\t\t\t\t<div class=\"elementor-element elementor-element-228696db elementor-widget elementor-widget-heading\" data-id=\"228696db\" data-element_type=\"widget\" data-e-type=\"widget\" data-widget_type=\"heading.default\">\n\t\t\t\t\t<h4 class=\"elementor-heading-title elementor-size-default\">Limitaci\u00f3n contractual de los datos :<\/h4>\t\t\t\t<\/div>\n\t\t\t\t<div class=\"elementor-element elementor-element-27ee4a07 elementor-widget elementor-widget-text-editor\" data-id=\"27ee4a07\" data-element_type=\"widget\" data-e-type=\"widget\" data-widget_type=\"text-editor.default\">\n\t\t\t\t\t\t\t\t\t<p>La informaci\u00f3n contenida en este sitio es lo m\u00e1s exacta posible y el sitio se actualiza en diferentes \u00e9pocas del a\u00f1o, pero puede contener inexactitudes u omisiones. Si observa un hueco, error o lo que parece ser un mal funcionamiento, por favor rep\u00f3rtelo por correo electr\u00f3nico a info@celestemountainlodge.com, describiendo el problema con la mayor precisi\u00f3n posible (p\u00e1gina causante del problema, tipo de ordenador y navegador utilizado, etc.).<\/p>\n\t\t\t\t\t\t\t\t<\/div>\n\t\t\t\t<div class=\"elementor-element elementor-element-4f19ff4c elementor-widget elementor-widget-heading\" data-id=\"4f19ff4c\" data-element_type=\"widget\" data-e-type=\"widget\" data-widget_type=\"heading.default\">\n\t\t\t\t\t<h4 class=\"elementor-heading-title elementor-size-default\">Propiedad Intelectual :<\/h4>\t\t\t\t<\/div>\n\t\t\t\t<div class=\"elementor-element elementor-element-66160e45 elementor-widget elementor-widget-text-editor\" data-id=\"66160e45\" data-element_type=\"widget\" data-e-type=\"widget\" data-widget_type=\"text-editor.default\">\n\t\t\t\t\t\t\t\t\t<p>Todo el contenido de este sitio web celestemountainlodge.com, incluyendo, pero no limitado a, gr\u00e1ficos, im\u00e1genes, textos, videos, animaciones, sonidos, logotipos, gifs e iconos, as\u00ed como su formato, es propiedad exclusiva de la empresa, con la excepci\u00f3n de marcas, logotipos o contenidos pertenecientes a otras empresas asociadas o autores.<\/p>\n<p>Queda terminantemente prohibida la reproducci\u00f3n, distribuci\u00f3n, modificaci\u00f3n, adaptaci\u00f3n, retransmisi\u00f3n o publicaci\u00f3n, incluso parcial, de estos diversos elementos sin el consentimiento expreso y por escrito de Grupo Hotelero Camino Celeste S.A. Esta representaci\u00f3n o reproducci\u00f3n, por cualquier medio, constituye una infracci\u00f3n sancionable. El incumplimiento de esta prohibici\u00f3n constituye una infracci\u00f3n que puede dar lugar a la responsabilidad civil y penal del infractor.<\/p>\n\t\t\t\t\t\t\t\t<\/div>\n\t\t\t\t<div class=\"elementor-element elementor-element-7392f20a elementor-widget elementor-widget-heading\" data-id=\"7392f20a\" data-element_type=\"widget\" data-e-type=\"widget\" data-widget_type=\"heading.default\">\n\t\t\t\t\t<h4 class=\"elementor-heading-title elementor-size-default\">Datos personales :<\/h4>\t\t\t\t<\/div>\n\t\t\t\t<div class=\"elementor-element elementor-element-2273a63b elementor-widget elementor-widget-text-editor\" data-id=\"2273a63b\" data-element_type=\"widget\" data-e-type=\"widget\" data-widget_type=\"text-editor.default\">\n\t\t\t\t\t\t\t\t\t<p>En general, no es necesario que nos proporcione sus datos personales cuando visite nuestro sitio web celestemountainlodge.com.<\/p>\n<p>Sin embargo, hay algunas excepciones a este principio. De hecho, para ciertos servicios ofrecidos por nuestro sitio, es posible que se le pida que nos proporcione ciertos datos tales como: su nombre, nombre, direcci\u00f3n de correo electr\u00f3nico y n\u00famero de tel\u00e9fono. Este es el caso cuando rellena el formulario que se le ofrece en l\u00ednea, en la secci\u00f3n \u00abcontacto\u00bb o \u00abreserva\u00bb.<\/p>\n<p>En cualquier caso, puede negarse a facilitar sus datos personales. En este caso, usted no podr\u00e1 utilizar los servicios del sitio, incluyendo la solicitud de informaci\u00f3n sobre nuestro albergue, la recepci\u00f3n de boletines informativos, o la realizaci\u00f3n de una reserva para una estad\u00eda.<\/p>\n<p>Por \u00faltimo, es posible que recopilemos autom\u00e1ticamente cierta informaci\u00f3n sobre usted cuando simplemente navega por nuestro sitio web, como por ejemplo: informaci\u00f3n sobre el uso de nuestro sitio web, como las \u00e1reas que visita y los servicios a los que accede, su direcci\u00f3n IP, su tipo de navegador, sus tiempos de acceso, etc.<\/p>\n<p>Dicha informaci\u00f3n se utiliza exclusivamente con fines estad\u00edsticos internos, con el fin de mejorar la calidad de los servicios que se le ofrecen. Las bases de datos est\u00e1n protegidas.<\/p>\n\t\t\t\t\t\t\t\t<\/div>\n\t\t\t\t\t<\/div>\n\t\t<\/div>\n\t\t\t\t\t<\/div>\n\t\t<\/section>\n\t\t\t\t<\/div>\n\t\t","protected":false},"excerpt":{"rendered":"<p>AVISOS JUR\u00cdDICOS Propietario : Editor del Sitio: Grupo Hotelero Camino Celeste, S.A. Registro Mercantil: 3-101-422-670 Director de redacci\u00f3n: Joel Marchal Direcci\u00f3n: Bijagua, Alajuela, Costa Rica. Apdo. 305-2250 Tres R\u00edos, Costa Rica, Am\u00e9rica Central Tel\u00e9fono: +506 2278 6628 Email: info@celestemountainlodge.com Sitio web: celestemountainlodge.com Condiciones de uso : Grupo Hotelero Camino Celeste S.A. utiliza todos los medios [&hellip;]<\/p>\n","protected":false},"author":5,"featured_media":0,"parent":0,"menu_order":0,"comment_status":"closed","ping_status":"closed","template":"elementor_header_footer","meta":{"footnotes":""},"class_list":["post-2309","page","type-page","status-publish","hentry"],"yoast_head":"<!-- This site is optimized with the Yoast SEO plugin v27.2 - https:\/\/yoast.com\/product\/yoast-seo-wordpress\/ -->\n<title>Informaci\u00f3n Legal | celestemountainlodge.com<\/title>\n<meta name=\"description\" content=\"Celeste Mountain Lodge es un eco-lodge en Costa Rica. En esta p\u00e1gina encontrar\u00e1 los avisos legales del sitio web celestemountainlodge.com\" \/>\n<meta name=\"robots\" content=\"index, follow, max-snippet:-1, max-image-preview:large, max-video-preview:-1\" \/>\n<link rel=\"canonical\" href=\"https:\/\/celestemountainlodge.com\/mentions-legales\/\" \/>\n<meta property=\"og:locale\" content=\"es_ES\" \/>\n<meta property=\"og:type\" content=\"article\" \/>\n<meta property=\"og:title\" content=\"Informaci\u00f3n Legal | celestemountainlodge.com\" \/>\n<meta property=\"og:description\" content=\"Celeste Mountain Lodge es un eco-lodge en Costa Rica. En esta p\u00e1gina encontrar\u00e1 los avisos legales del sitio web celestemountainlodge.com\" \/>\n<meta property=\"og:url\" content=\"https:\/\/celestemountainlodge.com\/mentions-legales\/\" \/>\n<meta property=\"og:site_name\" content=\"Celeste Mountain Lodge\" \/>\n<meta property=\"article:modified_time\" content=\"2023-01-27T22:50:50+00:00\" \/>\n<meta name=\"twitter:card\" content=\"summary_large_image\" \/>\n<meta name=\"twitter:label1\" content=\"Tiempo de lectura\" \/>\n\t<meta name=\"twitter:data1\" content=\"4 minutos\" \/>\n<script type=\"application\/ld+json\" class=\"yoast-schema-graph\">{\"@context\":\"https:\/\/schema.org\",\"@graph\":[{\"@type\":\"WebPage\",\"@id\":\"https:\/\/celestemountainlodge.com\/mentions-legales\/\",\"url\":\"https:\/\/celestemountainlodge.com\/mentions-legales\/\",\"name\":\"Informaci\u00f3n Legal | celestemountainlodge.com\",\"isPartOf\":{\"@id\":\"https:\/\/celestemountainlodge.com\/#website\"},\"datePublished\":\"2019-10-09T15:41:38+00:00\",\"dateModified\":\"2023-01-27T22:50:50+00:00\",\"description\":\"Celeste Mountain Lodge es un eco-lodge en Costa Rica. En esta p\u00e1gina encontrar\u00e1 los avisos legales del sitio web celestemountainlodge.com\",\"breadcrumb\":{\"@id\":\"https:\/\/celestemountainlodge.com\/mentions-legales\/#breadcrumb\"},\"inLanguage\":\"es\",\"potentialAction\":[{\"@type\":\"ReadAction\",\"target\":[\"https:\/\/celestemountainlodge.com\/mentions-legales\/\"]}]},{\"@type\":\"BreadcrumbList\",\"@id\":\"https:\/\/celestemountainlodge.com\/mentions-legales\/#breadcrumb\",\"itemListElement\":[{\"@type\":\"ListItem\",\"position\":1,\"name\":\"Accueil\",\"item\":\"https:\/\/celestemountainlodge.com\/en\/\"},{\"@type\":\"ListItem\",\"position\":2,\"name\":\"AVISOS JUR\u00cdDICOS\"}]},{\"@type\":\"WebSite\",\"@id\":\"https:\/\/celestemountainlodge.com\/#website\",\"url\":\"https:\/\/celestemountainlodge.com\/\",\"name\":\"Celeste Mountain Lodge\",\"description\":\"Celeste Mountain Lodge\",\"potentialAction\":[{\"@type\":\"SearchAction\",\"target\":{\"@type\":\"EntryPoint\",\"urlTemplate\":\"https:\/\/celestemountainlodge.com\/?s={search_term_string}\"},\"query-input\":{\"@type\":\"PropertyValueSpecification\",\"valueRequired\":true,\"valueName\":\"search_term_string\"}}],\"inLanguage\":\"es\"}]}<\/script>\n<!-- \/ Yoast SEO plugin. -->","yoast_head_json":{"title":"Informaci\u00f3n Legal | celestemountainlodge.com","description":"Celeste Mountain Lodge es un eco-lodge en Costa Rica. En esta p\u00e1gina encontrar\u00e1 los avisos legales del sitio web celestemountainlodge.com","robots":{"index":"index","follow":"follow","max-snippet":"max-snippet:-1","max-image-preview":"max-image-preview:large","max-video-preview":"max-video-preview:-1"},"canonical":"https:\/\/celestemountainlodge.com\/mentions-legales\/","og_locale":"es_ES","og_type":"article","og_title":"Informaci\u00f3n Legal | celestemountainlodge.com","og_description":"Celeste Mountain Lodge es un eco-lodge en Costa Rica. En esta p\u00e1gina encontrar\u00e1 los avisos legales del sitio web celestemountainlodge.com","og_url":"https:\/\/celestemountainlodge.com\/mentions-legales\/","og_site_name":"Celeste Mountain Lodge","article_modified_time":"2023-01-27T22:50:50+00:00","twitter_card":"summary_large_image","twitter_misc":{"Tiempo de lectura":"4 minutos"},"schema":{"@context":"https:\/\/schema.org","@graph":[{"@type":"WebPage","@id":"https:\/\/celestemountainlodge.com\/mentions-legales\/","url":"https:\/\/celestemountainlodge.com\/mentions-legales\/","name":"Informaci\u00f3n Legal | celestemountainlodge.com","isPartOf":{"@id":"https:\/\/celestemountainlodge.com\/#website"},"datePublished":"2019-10-09T15:41:38+00:00","dateModified":"2023-01-27T22:50:50+00:00","description":"Celeste Mountain Lodge es un eco-lodge en Costa Rica. En esta p\u00e1gina encontrar\u00e1 los avisos legales del sitio web celestemountainlodge.com","breadcrumb":{"@id":"https:\/\/celestemountainlodge.com\/mentions-legales\/#breadcrumb"},"inLanguage":"es","potentialAction":[{"@type":"ReadAction","target":["https:\/\/celestemountainlodge.com\/mentions-legales\/"]}]},{"@type":"BreadcrumbList","@id":"https:\/\/celestemountainlodge.com\/mentions-legales\/#breadcrumb","itemListElement":[{"@type":"ListItem","position":1,"name":"Accueil","item":"https:\/\/celestemountainlodge.com\/en\/"},{"@type":"ListItem","position":2,"name":"AVISOS JUR\u00cdDICOS"}]},{"@type":"WebSite","@id":"https:\/\/celestemountainlodge.com\/#website","url":"https:\/\/celestemountainlodge.com\/","name":"Celeste Mountain Lodge","description":"Celeste Mountain Lodge","potentialAction":[{"@type":"SearchAction","target":{"@type":"EntryPoint","urlTemplate":"https:\/\/celestemountainlodge.com\/?s={search_term_string}"},"query-input":{"@type":"PropertyValueSpecification","valueRequired":true,"valueName":"search_term_string"}}],"inLanguage":"es"}]}},"_links":{"self":[{"href":"https:\/\/celestemountainlodge.com\/es\/wp-json\/wp\/v2\/pages\/2309","targetHints":{"allow":["GET"]}}],"collection":[{"href":"https:\/\/celestemountainlodge.com\/es\/wp-json\/wp\/v2\/pages"}],"about":[{"href":"https:\/\/celestemountainlodge.com\/es\/wp-json\/wp\/v2\/types\/page"}],"author":[{"embeddable":true,"href":"https:\/\/celestemountainlodge.com\/es\/wp-json\/wp\/v2\/users\/5"}],"replies":[{"embeddable":true,"href":"https:\/\/celestemountainlodge.com\/es\/wp-json\/wp\/v2\/comments?post=2309"}],"version-history":[{"count":0,"href":"https:\/\/celestemountainlodge.com\/es\/wp-json\/wp\/v2\/pages\/2309\/revisions"}],"wp:attachment":[{"href":"https:\/\/celestemountainlodge.com\/es\/wp-json\/wp\/v2\/media?parent=2309"}],"curies":[{"name":"wp","href":"https:\/\/api.w.org\/{rel}","templated":true}]}}