{"id":2221,"date":"2019-10-09T15:28:26","date_gmt":"2019-10-09T13:28:26","guid":{"rendered":"http:\/\/s793694799.onlinehome.fr\/el-equipo\/"},"modified":"2019-11-22T14:48:58","modified_gmt":"2019-11-22T13:48:58","slug":"el-equipo","status":"publish","type":"page","link":"https:\/\/celestemountainlodge.com\/es\/el-equipo\/","title":{"rendered":"El equipo"},"content":{"rendered":"\t\t<div data-elementor-type=\"wp-page\" data-elementor-id=\"2221\" class=\"elementor elementor-2221 elementor-821\" data-elementor-post-type=\"page\">\n\t\t\t\t\t\t<section class=\"elementor-section elementor-top-section elementor-element elementor-element-3977b2af elementor-section-height-min-height elementor-section-stretched elementor-section-full_width elementor-section-height-default elementor-section-items-middle elementor-invisible\" data-id=\"3977b2af\" data-element_type=\"section\" data-e-type=\"section\" data-settings=\"{&quot;background_background&quot;:&quot;classic&quot;,&quot;stretch_section&quot;:&quot;section-stretched&quot;,&quot;shape_divider_bottom&quot;:&quot;waves&quot;,&quot;shape_divider_bottom_negative&quot;:&quot;yes&quot;,&quot;animation&quot;:&quot;fadeInDown&quot;}\">\n\t\t\t\t\t<div class=\"elementor-shape elementor-shape-bottom\" aria-hidden=\"true\" data-negative=\"true\">\n\t\t\t<svg xmlns=\"http:\/\/www.w3.org\/2000\/svg\" viewBox=\"0 0 1000 100\" preserveAspectRatio=\"none\">\n\t<path class=\"elementor-shape-fill\" d=\"M790.5,93.1c-59.3-5.3-116.8-18-192.6-50c-29.6-12.7-76.9-31-100.5-35.9c-23.6-4.9-52.6-7.8-75.5-5.3\n\tc-10.2,1.1-22.6,1.4-50.1,7.4c-27.2,6.3-58.2,16.6-79.4,24.7c-41.3,15.9-94.9,21.9-134,22.6C72,58.2,0,25.8,0,25.8V100h1000V65.3\n\tc0,0-51.5,19.4-106.2,25.7C839.5,97,814.1,95.2,790.5,93.1z\"\/>\n<\/svg>\t\t<\/div>\n\t\t\t\t\t<div class=\"elementor-container elementor-column-gap-default\">\n\t\t\t\t\t<div class=\"elementor-column elementor-col-100 elementor-top-column elementor-element elementor-element-07b133b\" data-id=\"07b133b\" data-element_type=\"column\" data-e-type=\"column\">\n\t\t\t<div class=\"elementor-widget-wrap\">\n\t\t\t\t\t\t\t<\/div>\n\t\t<\/div>\n\t\t\t\t\t<\/div>\n\t\t<\/section>\n\t\t\t\t<section class=\"elementor-section elementor-top-section elementor-element elementor-element-4f71bd76 elementor-section-full_width elementor-section-height-default elementor-section-height-default\" data-id=\"4f71bd76\" data-element_type=\"section\" data-e-type=\"section\">\n\t\t\t\t\t\t<div class=\"elementor-container elementor-column-gap-no\">\n\t\t\t\t\t<div class=\"elementor-column elementor-col-50 elementor-top-column elementor-element elementor-element-5fcc4c33 elementor-hidden-tablet elementor-hidden-phone elementor-invisible\" data-id=\"5fcc4c33\" data-element_type=\"column\" data-e-type=\"column\" data-settings=\"{&quot;background_background&quot;:&quot;classic&quot;,&quot;animation&quot;:&quot;fadeInLeft&quot;}\">\n\t\t\t<div class=\"elementor-widget-wrap elementor-element-populated\">\n\t\t\t\t\t\t<div class=\"elementor-element elementor-element-4363570b elementor-widget elementor-widget-spacer\" data-id=\"4363570b\" data-element_type=\"widget\" data-e-type=\"widget\" data-widget_type=\"spacer.default\">\n\t\t\t\t\t\t\t<div class=\"elementor-spacer\">\n\t\t\t<div class=\"elementor-spacer-inner\"><\/div>\n\t\t<\/div>\n\t\t\t\t\t\t<\/div>\n\t\t\t\t\t<\/div>\n\t\t<\/div>\n\t\t\t\t<div class=\"elementor-column elementor-col-50 elementor-top-column elementor-element elementor-element-3c525e07 elementor-invisible\" data-id=\"3c525e07\" data-element_type=\"column\" data-e-type=\"column\" data-settings=\"{&quot;background_background&quot;:&quot;classic&quot;,&quot;animation&quot;:&quot;fadeInLeft&quot;}\">\n\t\t\t<div class=\"elementor-widget-wrap elementor-element-populated\">\n\t\t\t\t\t\t<div class=\"elementor-element elementor-element-6161d2d2 elementor-widget elementor-widget-heading\" data-id=\"6161d2d2\" data-element_type=\"widget\" data-e-type=\"widget\" data-widget_type=\"heading.default\">\n\t\t\t\t\t<h1 class=\"elementor-heading-title elementor-size-default\">El equipo<\/h1>\t\t\t\t<\/div>\n\t\t\t\t<div class=\"elementor-element elementor-element-6389b5e elementor-widget elementor-widget-text-editor\" data-id=\"6389b5e\" data-element_type=\"widget\" data-e-type=\"widget\" data-widget_type=\"text-editor.default\">\n\t\t\t\t\t\t\t\t\t<p>Todos nuestros empleados son de la comunidad de Bijagua, un requerimiento para nosotros.<\/p>\t\t\t\t\t\t\t\t<\/div>\n\t\t\t\t<section class=\"elementor-section elementor-inner-section elementor-element elementor-element-21f73c2 elementor-section-boxed elementor-section-height-default elementor-section-height-default\" data-id=\"21f73c2\" data-element_type=\"section\" data-e-type=\"section\">\n\t\t\t\t\t\t<div class=\"elementor-container elementor-column-gap-default\">\n\t\t\t\t\t<div class=\"elementor-column elementor-col-33 elementor-inner-column elementor-element elementor-element-24e8754f\" data-id=\"24e8754f\" data-element_type=\"column\" data-e-type=\"column\">\n\t\t\t<div class=\"elementor-widget-wrap elementor-element-populated\">\n\t\t\t\t\t\t<div class=\"elementor-element elementor-element-7aff95d1 elementor-position-top elementor-widget elementor-widget-image-box\" data-id=\"7aff95d1\" data-element_type=\"widget\" data-e-type=\"widget\" data-widget_type=\"image-box.default\">\n\t\t\t\t\t<div class=\"elementor-image-box-wrapper\"><figure class=\"elementor-image-box-img\"><img fetchpriority=\"high\" decoding=\"async\" width=\"846\" height=\"800\" src=\"https:\/\/celestemountainlodge.com\/wp-content\/uploads\/2019\/08\/Joel-Marchal-celeste-mountain-lodge-costa-rica1.png\" class=\"elementor-animation-grow attachment-full size-full wp-image-2217\" alt=\"Joel Marchal\" srcset=\"https:\/\/celestemountainlodge.com\/wp-content\/uploads\/2019\/08\/Joel-Marchal-celeste-mountain-lodge-costa-rica1.png 846w, https:\/\/celestemountainlodge.com\/wp-content\/uploads\/2019\/08\/Joel-Marchal-celeste-mountain-lodge-costa-rica1-300x284.png 300w, https:\/\/celestemountainlodge.com\/wp-content\/uploads\/2019\/08\/Joel-Marchal-celeste-mountain-lodge-costa-rica1-768x726.png 768w\" sizes=\"(max-width: 846px) 100vw, 846px\" \/><\/figure><div class=\"elementor-image-box-content\"><h2 class=\"elementor-image-box-title\">Joel Marchal<\/h2><p class=\"elementor-image-box-description\">Fundador <br \/>y director general<\/p><\/div><\/div>\t\t\t\t<\/div>\n\t\t\t\t\t<\/div>\n\t\t<\/div>\n\t\t\t\t<div class=\"elementor-column elementor-col-33 elementor-inner-column elementor-element elementor-element-66bd859\" data-id=\"66bd859\" data-element_type=\"column\" data-e-type=\"column\">\n\t\t\t<div class=\"elementor-widget-wrap elementor-element-populated\">\n\t\t\t\t\t\t<div class=\"elementor-element elementor-element-2b7eb12 elementor-position-top elementor-widget elementor-widget-image-box\" data-id=\"2b7eb12\" data-element_type=\"widget\" data-e-type=\"widget\" data-widget_type=\"image-box.default\">\n\t\t\t\t\t<div class=\"elementor-image-box-wrapper\"><figure class=\"elementor-image-box-img\"><img decoding=\"async\" width=\"662\" height=\"800\" src=\"https:\/\/celestemountainlodge.com\/wp-content\/uploads\/2019\/08\/Selma-Marchal-celeste-mountain-lodge-costa-rica1.png\" class=\"elementor-animation-grow attachment-full size-full wp-image-2218\" alt=\"Selma Marchal\" srcset=\"https:\/\/celestemountainlodge.com\/wp-content\/uploads\/2019\/08\/Selma-Marchal-celeste-mountain-lodge-costa-rica1.png 662w, https:\/\/celestemountainlodge.com\/wp-content\/uploads\/2019\/08\/Selma-Marchal-celeste-mountain-lodge-costa-rica1-248x300.png 248w\" sizes=\"(max-width: 662px) 100vw, 662px\" \/><\/figure><div class=\"elementor-image-box-content\"><h2 class=\"elementor-image-box-title\">Selma Marchal<\/h2><p class=\"elementor-image-box-description\">administraci\u00f3n <br \/>y reservas<\/p><\/div><\/div>\t\t\t\t<\/div>\n\t\t\t\t\t<\/div>\n\t\t<\/div>\n\t\t\t\t<div class=\"elementor-column elementor-col-33 elementor-inner-column elementor-element elementor-element-8db0c12\" data-id=\"8db0c12\" data-element_type=\"column\" data-e-type=\"column\">\n\t\t\t<div class=\"elementor-widget-wrap elementor-element-populated\">\n\t\t\t\t\t\t<div class=\"elementor-element elementor-element-b1752a7 elementor-position-top elementor-widget elementor-widget-image-box\" data-id=\"b1752a7\" data-element_type=\"widget\" data-e-type=\"widget\" data-widget_type=\"image-box.default\">\n\t\t\t\t\t<div class=\"elementor-image-box-wrapper\"><figure class=\"elementor-image-box-img\"><img decoding=\"async\" width=\"662\" height=\"800\" src=\"https:\/\/celestemountainlodge.com\/wp-content\/uploads\/2019\/09\/Eric-Rizatto.png\" class=\"elementor-animation-grow attachment-full size-full wp-image-2219\" alt=\"Eric Rizatto\" srcset=\"https:\/\/celestemountainlodge.com\/wp-content\/uploads\/2019\/09\/Eric-Rizatto.png 662w, https:\/\/celestemountainlodge.com\/wp-content\/uploads\/2019\/09\/Eric-Rizatto-248x300.png 248w\" sizes=\"(max-width: 662px) 100vw, 662px\" \/><\/figure><div class=\"elementor-image-box-content\"><h2 class=\"elementor-image-box-title\">Eric Rizatto<\/h2><p class=\"elementor-image-box-description\">GERENTE DE <br \/>OPERACIONES<\/p><\/div><\/div>\t\t\t\t<\/div>\n\t\t\t\t\t<\/div>\n\t\t<\/div>\n\t\t\t\t\t<\/div>\n\t\t<\/section>\n\t\t\t\t\t<\/div>\n\t\t<\/div>\n\t\t\t\t\t<\/div>\n\t\t<\/section>\n\t\t\t\t<\/div>\n\t\t","protected":false},"excerpt":{"rendered":"<p>El equipo Todos nuestros empleados son de la comunidad de Bijagua, un requerimiento para nosotros. Joel Marchal Fundador y director general Selma Marchal administraci\u00f3n y reservas Eric Rizatto GERENTE DE OPERACIONES<\/p>\n","protected":false},"author":5,"featured_media":0,"parent":0,"menu_order":0,"comment_status":"closed","ping_status":"closed","template":"elementor_header_footer","meta":{"footnotes":""},"class_list":["post-2221","page","type-page","status-publish","hentry"],"yoast_head":"<!-- This site is optimized with the Yoast SEO plugin v27.2 - https:\/\/yoast.com\/product\/yoast-seo-wordpress\/ -->\n<title>El equipo de Celeste Moutain Lodge | celestemountainlodge.com<\/title>\n<meta name=\"description\" content=\"Celeste Moutain Lodge y su equipo le dan la bienvenida a su estad\u00eda en Costa Rica con su cocina fusi\u00f3n y ecodise\u00f1o.\" \/>\n<meta name=\"robots\" content=\"index, follow, max-snippet:-1, max-image-preview:large, max-video-preview:-1\" \/>\n<link rel=\"canonical\" href=\"https:\/\/celestemountainlodge.com\/es\/el-equipo\/\" \/>\n<meta property=\"og:locale\" content=\"es_ES\" \/>\n<meta property=\"og:type\" content=\"article\" \/>\n<meta property=\"og:title\" content=\"El equipo de Celeste Moutain Lodge | celestemountainlodge.com\" \/>\n<meta property=\"og:description\" content=\"Celeste Moutain Lodge y su equipo le dan la bienvenida a su estad\u00eda en Costa Rica con su cocina fusi\u00f3n y ecodise\u00f1o.\" \/>\n<meta property=\"og:url\" content=\"https:\/\/celestemountainlodge.com\/es\/el-equipo\/\" \/>\n<meta property=\"og:site_name\" content=\"Celeste Mountain Lodge\" \/>\n<meta property=\"article:modified_time\" content=\"2019-11-22T13:48:58+00:00\" \/>\n<meta property=\"og:image\" content=\"https:\/\/celestemountainlodge.com\/wp-content\/uploads\/2019\/08\/Joel-Marchal-celeste-mountain-lodge-costa-rica1.png\" \/>\n<meta name=\"twitter:card\" content=\"summary_large_image\" \/>\n<script type=\"application\/ld+json\" class=\"yoast-schema-graph\">{\"@context\":\"https:\/\/schema.org\",\"@graph\":[{\"@type\":\"WebPage\",\"@id\":\"https:\/\/celestemountainlodge.com\/es\/el-equipo\/\",\"url\":\"https:\/\/celestemountainlodge.com\/es\/el-equipo\/\",\"name\":\"El equipo de Celeste Moutain Lodge | celestemountainlodge.com\",\"isPartOf\":{\"@id\":\"https:\/\/celestemountainlodge.com\/#website\"},\"primaryImageOfPage\":{\"@id\":\"https:\/\/celestemountainlodge.com\/es\/el-equipo\/#primaryimage\"},\"image\":{\"@id\":\"https:\/\/celestemountainlodge.com\/es\/el-equipo\/#primaryimage\"},\"thumbnailUrl\":\"https:\/\/celestemountainlodge.com\/wp-content\/uploads\/2019\/08\/Joel-Marchal-celeste-mountain-lodge-costa-rica1.png\",\"datePublished\":\"2019-10-09T13:28:26+00:00\",\"dateModified\":\"2019-11-22T13:48:58+00:00\",\"description\":\"Celeste Moutain Lodge y su equipo le dan la bienvenida a su estad\u00eda en Costa Rica con su cocina fusi\u00f3n y ecodise\u00f1o.\",\"breadcrumb\":{\"@id\":\"https:\/\/celestemountainlodge.com\/es\/el-equipo\/#breadcrumb\"},\"inLanguage\":\"es\",\"potentialAction\":[{\"@type\":\"ReadAction\",\"target\":[\"https:\/\/celestemountainlodge.com\/es\/el-equipo\/\"]}]},{\"@type\":\"ImageObject\",\"inLanguage\":\"es\",\"@id\":\"https:\/\/celestemountainlodge.com\/es\/el-equipo\/#primaryimage\",\"url\":\"https:\/\/celestemountainlodge.com\/wp-content\/uploads\/2019\/08\/Joel-Marchal-celeste-mountain-lodge-costa-rica1.png\",\"contentUrl\":\"https:\/\/celestemountainlodge.com\/wp-content\/uploads\/2019\/08\/Joel-Marchal-celeste-mountain-lodge-costa-rica1.png\"},{\"@type\":\"BreadcrumbList\",\"@id\":\"https:\/\/celestemountainlodge.com\/es\/el-equipo\/#breadcrumb\",\"itemListElement\":[{\"@type\":\"ListItem\",\"position\":1,\"name\":\"Accueil\",\"item\":\"https:\/\/celestemountainlodge.com\/en\/\"},{\"@type\":\"ListItem\",\"position\":2,\"name\":\"El equipo\"}]},{\"@type\":\"WebSite\",\"@id\":\"https:\/\/celestemountainlodge.com\/#website\",\"url\":\"https:\/\/celestemountainlodge.com\/\",\"name\":\"Celeste Mountain Lodge\",\"description\":\"Celeste Mountain Lodge\",\"potentialAction\":[{\"@type\":\"SearchAction\",\"target\":{\"@type\":\"EntryPoint\",\"urlTemplate\":\"https:\/\/celestemountainlodge.com\/?s={search_term_string}\"},\"query-input\":{\"@type\":\"PropertyValueSpecification\",\"valueRequired\":true,\"valueName\":\"search_term_string\"}}],\"inLanguage\":\"es\"}]}<\/script>\n<!-- \/ Yoast SEO plugin. -->","yoast_head_json":{"title":"El equipo de Celeste Moutain Lodge | celestemountainlodge.com","description":"Celeste Moutain Lodge y su equipo le dan la bienvenida a su estad\u00eda en Costa Rica con su cocina fusi\u00f3n y ecodise\u00f1o.","robots":{"index":"index","follow":"follow","max-snippet":"max-snippet:-1","max-image-preview":"max-image-preview:large","max-video-preview":"max-video-preview:-1"},"canonical":"https:\/\/celestemountainlodge.com\/es\/el-equipo\/","og_locale":"es_ES","og_type":"article","og_title":"El equipo de Celeste Moutain Lodge | celestemountainlodge.com","og_description":"Celeste Moutain Lodge y su equipo le dan la bienvenida a su estad\u00eda en Costa Rica con su cocina fusi\u00f3n y ecodise\u00f1o.","og_url":"https:\/\/celestemountainlodge.com\/es\/el-equipo\/","og_site_name":"Celeste Mountain Lodge","article_modified_time":"2019-11-22T13:48:58+00:00","og_image":[{"url":"https:\/\/celestemountainlodge.com\/wp-content\/uploads\/2019\/08\/Joel-Marchal-celeste-mountain-lodge-costa-rica1.png","type":"","width":"","height":""}],"twitter_card":"summary_large_image","schema":{"@context":"https:\/\/schema.org","@graph":[{"@type":"WebPage","@id":"https:\/\/celestemountainlodge.com\/es\/el-equipo\/","url":"https:\/\/celestemountainlodge.com\/es\/el-equipo\/","name":"El equipo de Celeste Moutain Lodge | celestemountainlodge.com","isPartOf":{"@id":"https:\/\/celestemountainlodge.com\/#website"},"primaryImageOfPage":{"@id":"https:\/\/celestemountainlodge.com\/es\/el-equipo\/#primaryimage"},"image":{"@id":"https:\/\/celestemountainlodge.com\/es\/el-equipo\/#primaryimage"},"thumbnailUrl":"https:\/\/celestemountainlodge.com\/wp-content\/uploads\/2019\/08\/Joel-Marchal-celeste-mountain-lodge-costa-rica1.png","datePublished":"2019-10-09T13:28:26+00:00","dateModified":"2019-11-22T13:48:58+00:00","description":"Celeste Moutain Lodge y su equipo le dan la bienvenida a su estad\u00eda en Costa Rica con su cocina fusi\u00f3n y ecodise\u00f1o.","breadcrumb":{"@id":"https:\/\/celestemountainlodge.com\/es\/el-equipo\/#breadcrumb"},"inLanguage":"es","potentialAction":[{"@type":"ReadAction","target":["https:\/\/celestemountainlodge.com\/es\/el-equipo\/"]}]},{"@type":"ImageObject","inLanguage":"es","@id":"https:\/\/celestemountainlodge.com\/es\/el-equipo\/#primaryimage","url":"https:\/\/celestemountainlodge.com\/wp-content\/uploads\/2019\/08\/Joel-Marchal-celeste-mountain-lodge-costa-rica1.png","contentUrl":"https:\/\/celestemountainlodge.com\/wp-content\/uploads\/2019\/08\/Joel-Marchal-celeste-mountain-lodge-costa-rica1.png"},{"@type":"BreadcrumbList","@id":"https:\/\/celestemountainlodge.com\/es\/el-equipo\/#breadcrumb","itemListElement":[{"@type":"ListItem","position":1,"name":"Accueil","item":"https:\/\/celestemountainlodge.com\/en\/"},{"@type":"ListItem","position":2,"name":"El equipo"}]},{"@type":"WebSite","@id":"https:\/\/celestemountainlodge.com\/#website","url":"https:\/\/celestemountainlodge.com\/","name":"Celeste Mountain Lodge","description":"Celeste Mountain Lodge","potentialAction":[{"@type":"SearchAction","target":{"@type":"EntryPoint","urlTemplate":"https:\/\/celestemountainlodge.com\/?s={search_term_string}"},"query-input":{"@type":"PropertyValueSpecification","valueRequired":true,"valueName":"search_term_string"}}],"inLanguage":"es"}]}},"_links":{"self":[{"href":"https:\/\/celestemountainlodge.com\/es\/wp-json\/wp\/v2\/pages\/2221","targetHints":{"allow":["GET"]}}],"collection":[{"href":"https:\/\/celestemountainlodge.com\/es\/wp-json\/wp\/v2\/pages"}],"about":[{"href":"https:\/\/celestemountainlodge.com\/es\/wp-json\/wp\/v2\/types\/page"}],"author":[{"embeddable":true,"href":"https:\/\/celestemountainlodge.com\/es\/wp-json\/wp\/v2\/users\/5"}],"replies":[{"embeddable":true,"href":"https:\/\/celestemountainlodge.com\/es\/wp-json\/wp\/v2\/comments?post=2221"}],"version-history":[{"count":0,"href":"https:\/\/celestemountainlodge.com\/es\/wp-json\/wp\/v2\/pages\/2221\/revisions"}],"wp:attachment":[{"href":"https:\/\/celestemountainlodge.com\/es\/wp-json\/wp\/v2\/media?parent=2221"}],"curies":[{"name":"wp","href":"https:\/\/api.w.org\/{rel}","templated":true}]}}