{"id":2101,"date":"2019-10-09T15:04:01","date_gmt":"2019-10-09T13:04:01","guid":{"rendered":"http:\/\/s793694799.onlinehome.fr\/general-terms-and-conditions-of-sale\/"},"modified":"2019-11-27T16:38:35","modified_gmt":"2019-11-27T15:38:35","slug":"general-terms-and-conditions-of-sale","status":"publish","type":"page","link":"https:\/\/celestemountainlodge.com\/en\/general-terms-and-conditions-of-sale\/","title":{"rendered":"General Terms and Conditions of Sale"},"content":{"rendered":"\t\t<div data-elementor-type=\"wp-page\" data-elementor-id=\"2101\" class=\"elementor elementor-2101 elementor-1053\" data-elementor-post-type=\"page\">\n\t\t\t\t\t\t<section class=\"elementor-section elementor-top-section elementor-element elementor-element-4d3c2d9 elementor-section-height-min-height elementor-section-stretched elementor-section-full_width elementor-section-height-default elementor-section-items-middle elementor-invisible\" data-id=\"4d3c2d9\" data-element_type=\"section\" data-e-type=\"section\" data-settings=\"{&quot;background_background&quot;:&quot;classic&quot;,&quot;stretch_section&quot;:&quot;section-stretched&quot;,&quot;shape_divider_bottom&quot;:&quot;waves&quot;,&quot;shape_divider_bottom_negative&quot;:&quot;yes&quot;,&quot;animation&quot;:&quot;fadeInDown&quot;}\">\n\t\t\t\t\t<div class=\"elementor-shape elementor-shape-bottom\" aria-hidden=\"true\" data-negative=\"true\">\n\t\t\t<svg xmlns=\"http:\/\/www.w3.org\/2000\/svg\" viewBox=\"0 0 1000 100\" preserveAspectRatio=\"none\">\n\t<path class=\"elementor-shape-fill\" d=\"M790.5,93.1c-59.3-5.3-116.8-18-192.6-50c-29.6-12.7-76.9-31-100.5-35.9c-23.6-4.9-52.6-7.8-75.5-5.3\n\tc-10.2,1.1-22.6,1.4-50.1,7.4c-27.2,6.3-58.2,16.6-79.4,24.7c-41.3,15.9-94.9,21.9-134,22.6C72,58.2,0,25.8,0,25.8V100h1000V65.3\n\tc0,0-51.5,19.4-106.2,25.7C839.5,97,814.1,95.2,790.5,93.1z\"\/>\n<\/svg>\t\t<\/div>\n\t\t\t\t\t<div class=\"elementor-container elementor-column-gap-default\">\n\t\t\t\t\t<div class=\"elementor-column elementor-col-100 elementor-top-column elementor-element elementor-element-4ee85af\" data-id=\"4ee85af\" data-element_type=\"column\" data-e-type=\"column\">\n\t\t\t<div class=\"elementor-widget-wrap elementor-element-populated\">\n\t\t\t\t\t\t<div class=\"elementor-element elementor-element-df2d184 elementor-widget elementor-widget-heading\" data-id=\"df2d184\" data-element_type=\"widget\" data-e-type=\"widget\" data-widget_type=\"heading.default\">\n\t\t\t\t\t<h1 class=\"elementor-heading-title elementor-size-default\">GENERAL TERMS AND CONDITIONS OF SALE<\/h1>\t\t\t\t<\/div>\n\t\t\t\t\t<\/div>\n\t\t<\/div>\n\t\t\t\t\t<\/div>\n\t\t<\/section>\n\t\t\t\t<section class=\"elementor-section elementor-top-section elementor-element elementor-element-0b21933 elementor-section-boxed elementor-section-height-default elementor-section-height-default\" data-id=\"0b21933\" data-element_type=\"section\" data-e-type=\"section\">\n\t\t\t\t\t\t<div class=\"elementor-container elementor-column-gap-default\">\n\t\t\t\t\t<div class=\"elementor-column elementor-col-100 elementor-top-column elementor-element elementor-element-f0d08aa\" data-id=\"f0d08aa\" data-element_type=\"column\" data-e-type=\"column\" data-settings=\"{&quot;background_background&quot;:&quot;classic&quot;}\">\n\t\t\t<div class=\"elementor-widget-wrap elementor-element-populated\">\n\t\t\t\t\t\t<div class=\"elementor-element elementor-element-c39b842 elementor-widget elementor-widget-text-editor\" data-id=\"c39b842\" data-element_type=\"widget\" data-e-type=\"widget\" data-widget_type=\"text-editor.default\">\n\t\t\t\t\t\t\t\t\t<p>All reservations must be prepaid in full 30 days before Check-In or at the time of booking if made within 30 days. For the end-of-year periods (Dec.20-31) and the months of January, February, March and Holy Week, it is possible that your card will be charged at the time of booking, for the amount of the first night of each reserved room; at the discretion of the Lodge, with notification to the client.<\/p>\n\t\t\t\t\t\t\t\t<\/div>\n\t\t\t\t<div class=\"elementor-element elementor-element-74f507c elementor-widget elementor-widget-text-editor\" data-id=\"74f507c\" data-element_type=\"widget\" data-e-type=\"widget\" data-widget_type=\"text-editor.default\">\n\t\t\t\t\t\t\t\t\t<p><strong>Cancellation of prepaid reservation:<\/strong><\/p>\n<ul>\n<li>30 to 15 days before the Check-In 50% penalty<\/li>\n<li>From 14 days to the date of Check-In 100% penalty<\/li>\n<\/ul>\n<p>By booking a stay, customers declare that they have read and accepted the General Terms and Conditions of Sale and the Legal Notices below.<\/p>\n\t\t\t\t\t\t\t\t<\/div>\n\t\t\t\t<div class=\"elementor-element elementor-element-7120f76 elementor-widget elementor-widget-text-editor\" data-id=\"7120f76\" data-element_type=\"widget\" data-e-type=\"widget\" data-widget_type=\"text-editor.default\">\n\t\t\t\t\t\t\t\t\t<p>Celeste Mountain Lodge protects your privacy. Any information provided, such as your name, address, e-mail and telephone number, will not be shared or sold to any external person or company and will only be used internally by the hotel to manage reservations and communication with the customer. We have implemented to the best of our ability the appropriate measures to protect you from any loss, misuse or alteration of the information collected on our site. We will not send you any promotions, news or other SPAM, only a single follow-up after your stay. The use of Cookies allows a better experience.<\/p>\n<p>The entire content of this website, including design, graphics, photos and text, is the property of Celeste Mountain Lodge. The other brands or logos represented remain the property of the latter.<\/p>\n<p>All the information contained in this page, texts and photos, is regularly checked for accuracy, clarity and objectivity of the representation, however the hotel accepts no responsibility for possible errors and omissions, or misinterpretation by the reader. Celeste Mountain Lodge has all the permits, authorizations and patents, insurance and standards in force in Costa Rica to operate.<\/p>\n<p><strong>Trails and Gardens :<\/strong> Celeste Mountain Lodge accepts no responsibility for accidents, injuries or consequences of encounters with forest life while using its trail in the forest or the hotel gardens.<\/p>\n<p><strong>Children :<\/strong> Celeste Mountain Lodge accepts children of all ages, however the building was not designed for toddlers. The uninterrupted supervision of the children is entirely and exclusively the responsibility of the parents or guardians, relieving the hotel of any responsibility.<\/p>\n<p>Celeste Mountain Lodge declines all responsibility for damage to the property of customers such as the vehicle and any others, which may be caused by climatic events, strong winds, storms or earthquakes, as well as technical problems beyond its control.<\/p>\n\t\t\t\t\t\t\t\t<\/div>\n\t\t\t\t<div class=\"elementor-element elementor-element-ac3f8ec elementor-widget elementor-widget-text-editor\" data-id=\"ac3f8ec\" data-element_type=\"widget\" data-e-type=\"widget\" data-widget_type=\"text-editor.default\">\n\t\t\t\t\t\t\t\t\t<p><strong>Jurisdiction:<\/strong> Costa Rica<\/p>\n<p><strong>Owner of the site:<\/strong> Grupo Hotelero Camino Celeste, S.A.<\/p>\n<p><strong>C\u00e9dula Juridica Costa Rica:<\/strong> 3-101-422670 (Business Register)<\/p>\n<p><strong>Website:<\/strong> celestemountainlodge.com<\/p>\n<p><strong>Tel:<\/strong> +506 2278-6628<\/p>\n<p><strong>Email:<\/strong> info@celestemountainlodge.com<\/p>\n\t\t\t\t\t\t\t\t<\/div>\n\t\t\t\t\t<\/div>\n\t\t<\/div>\n\t\t\t\t\t<\/div>\n\t\t<\/section>\n\t\t\t\t<\/div>\n\t\t","protected":false},"excerpt":{"rendered":"<p>GENERAL TERMS AND CONDITIONS OF SALE All reservations must be prepaid in full 30 days before Check-In or at the time of booking if made within 30 days. For the end-of-year periods (Dec.20-31) and the months of January, February, March and Holy Week, it is possible that your card will be charged at the time [&hellip;]<\/p>\n","protected":false},"author":5,"featured_media":0,"parent":0,"menu_order":0,"comment_status":"closed","ping_status":"closed","template":"elementor_header_footer","meta":{"footnotes":""},"class_list":["post-2101","page","type-page","status-publish","hentry"],"yoast_head":"<!-- This site is optimized with the Yoast SEO plugin v27.2 - https:\/\/yoast.com\/product\/yoast-seo-wordpress\/ -->\n<title>General Terms and Conditions of Sale | celestemountainlodge.com<\/title>\n<meta name=\"description\" content=\"Le Celeste Mountain Lodge est un \u00e9co-lodge au Costa Rica. Sur cette page vous trouverez ces CGV (conditions g\u00e9n\u00e9rales de ventes).\" \/>\n<meta name=\"robots\" content=\"index, follow, max-snippet:-1, max-image-preview:large, max-video-preview:-1\" \/>\n<link rel=\"canonical\" href=\"https:\/\/celestemountainlodge.com\/en\/general-terms-and-conditions-of-sale\/\" \/>\n<meta property=\"og:locale\" content=\"en_US\" \/>\n<meta property=\"og:type\" content=\"article\" \/>\n<meta property=\"og:title\" content=\"General Terms and Conditions of Sale | celestemountainlodge.com\" \/>\n<meta property=\"og:description\" content=\"Le Celeste Mountain Lodge est un \u00e9co-lodge au Costa Rica. Sur cette page vous trouverez ces CGV (conditions g\u00e9n\u00e9rales de ventes).\" \/>\n<meta property=\"og:url\" content=\"https:\/\/celestemountainlodge.com\/en\/general-terms-and-conditions-of-sale\/\" \/>\n<meta property=\"og:site_name\" content=\"Celeste Mountain Lodge\" \/>\n<meta property=\"article:modified_time\" content=\"2019-11-27T15:38:35+00:00\" \/>\n<meta name=\"twitter:card\" content=\"summary_large_image\" \/>\n<meta name=\"twitter:label1\" content=\"Est. reading time\" \/>\n\t<meta name=\"twitter:data1\" content=\"2 minutes\" \/>\n<script type=\"application\/ld+json\" class=\"yoast-schema-graph\">{\"@context\":\"https:\/\/schema.org\",\"@graph\":[{\"@type\":\"WebPage\",\"@id\":\"https:\/\/celestemountainlodge.com\/en\/general-terms-and-conditions-of-sale\/\",\"url\":\"https:\/\/celestemountainlodge.com\/en\/general-terms-and-conditions-of-sale\/\",\"name\":\"General Terms and Conditions of Sale | celestemountainlodge.com\",\"isPartOf\":{\"@id\":\"https:\/\/celestemountainlodge.com\/#website\"},\"datePublished\":\"2019-10-09T13:04:01+00:00\",\"dateModified\":\"2019-11-27T15:38:35+00:00\",\"description\":\"Le Celeste Mountain Lodge est un \u00e9co-lodge au Costa Rica. Sur cette page vous trouverez ces CGV (conditions g\u00e9n\u00e9rales de ventes).\",\"breadcrumb\":{\"@id\":\"https:\/\/celestemountainlodge.com\/en\/general-terms-and-conditions-of-sale\/#breadcrumb\"},\"inLanguage\":\"en-US\",\"potentialAction\":[{\"@type\":\"ReadAction\",\"target\":[\"https:\/\/celestemountainlodge.com\/en\/general-terms-and-conditions-of-sale\/\"]}]},{\"@type\":\"BreadcrumbList\",\"@id\":\"https:\/\/celestemountainlodge.com\/en\/general-terms-and-conditions-of-sale\/#breadcrumb\",\"itemListElement\":[{\"@type\":\"ListItem\",\"position\":1,\"name\":\"Accueil\",\"item\":\"https:\/\/celestemountainlodge.com\/\"},{\"@type\":\"ListItem\",\"position\":2,\"name\":\"General Terms and Conditions of Sale\"}]},{\"@type\":\"WebSite\",\"@id\":\"https:\/\/celestemountainlodge.com\/#website\",\"url\":\"https:\/\/celestemountainlodge.com\/\",\"name\":\"Celeste Mountain Lodge\",\"description\":\"Celeste Mountain Lodge\",\"potentialAction\":[{\"@type\":\"SearchAction\",\"target\":{\"@type\":\"EntryPoint\",\"urlTemplate\":\"https:\/\/celestemountainlodge.com\/?s={search_term_string}\"},\"query-input\":{\"@type\":\"PropertyValueSpecification\",\"valueRequired\":true,\"valueName\":\"search_term_string\"}}],\"inLanguage\":\"en-US\"}]}<\/script>\n<!-- \/ Yoast SEO plugin. -->","yoast_head_json":{"title":"General Terms and Conditions of Sale | celestemountainlodge.com","description":"Le Celeste Mountain Lodge est un \u00e9co-lodge au Costa Rica. Sur cette page vous trouverez ces CGV (conditions g\u00e9n\u00e9rales de ventes).","robots":{"index":"index","follow":"follow","max-snippet":"max-snippet:-1","max-image-preview":"max-image-preview:large","max-video-preview":"max-video-preview:-1"},"canonical":"https:\/\/celestemountainlodge.com\/en\/general-terms-and-conditions-of-sale\/","og_locale":"en_US","og_type":"article","og_title":"General Terms and Conditions of Sale | celestemountainlodge.com","og_description":"Le Celeste Mountain Lodge est un \u00e9co-lodge au Costa Rica. Sur cette page vous trouverez ces CGV (conditions g\u00e9n\u00e9rales de ventes).","og_url":"https:\/\/celestemountainlodge.com\/en\/general-terms-and-conditions-of-sale\/","og_site_name":"Celeste Mountain Lodge","article_modified_time":"2019-11-27T15:38:35+00:00","twitter_card":"summary_large_image","twitter_misc":{"Est. reading time":"2 minutes"},"schema":{"@context":"https:\/\/schema.org","@graph":[{"@type":"WebPage","@id":"https:\/\/celestemountainlodge.com\/en\/general-terms-and-conditions-of-sale\/","url":"https:\/\/celestemountainlodge.com\/en\/general-terms-and-conditions-of-sale\/","name":"General Terms and Conditions of Sale | celestemountainlodge.com","isPartOf":{"@id":"https:\/\/celestemountainlodge.com\/#website"},"datePublished":"2019-10-09T13:04:01+00:00","dateModified":"2019-11-27T15:38:35+00:00","description":"Le Celeste Mountain Lodge est un \u00e9co-lodge au Costa Rica. Sur cette page vous trouverez ces CGV (conditions g\u00e9n\u00e9rales de ventes).","breadcrumb":{"@id":"https:\/\/celestemountainlodge.com\/en\/general-terms-and-conditions-of-sale\/#breadcrumb"},"inLanguage":"en-US","potentialAction":[{"@type":"ReadAction","target":["https:\/\/celestemountainlodge.com\/en\/general-terms-and-conditions-of-sale\/"]}]},{"@type":"BreadcrumbList","@id":"https:\/\/celestemountainlodge.com\/en\/general-terms-and-conditions-of-sale\/#breadcrumb","itemListElement":[{"@type":"ListItem","position":1,"name":"Accueil","item":"https:\/\/celestemountainlodge.com\/"},{"@type":"ListItem","position":2,"name":"General Terms and Conditions of Sale"}]},{"@type":"WebSite","@id":"https:\/\/celestemountainlodge.com\/#website","url":"https:\/\/celestemountainlodge.com\/","name":"Celeste Mountain Lodge","description":"Celeste Mountain Lodge","potentialAction":[{"@type":"SearchAction","target":{"@type":"EntryPoint","urlTemplate":"https:\/\/celestemountainlodge.com\/?s={search_term_string}"},"query-input":{"@type":"PropertyValueSpecification","valueRequired":true,"valueName":"search_term_string"}}],"inLanguage":"en-US"}]}},"_links":{"self":[{"href":"https:\/\/celestemountainlodge.com\/en\/wp-json\/wp\/v2\/pages\/2101","targetHints":{"allow":["GET"]}}],"collection":[{"href":"https:\/\/celestemountainlodge.com\/en\/wp-json\/wp\/v2\/pages"}],"about":[{"href":"https:\/\/celestemountainlodge.com\/en\/wp-json\/wp\/v2\/types\/page"}],"author":[{"embeddable":true,"href":"https:\/\/celestemountainlodge.com\/en\/wp-json\/wp\/v2\/users\/5"}],"replies":[{"embeddable":true,"href":"https:\/\/celestemountainlodge.com\/en\/wp-json\/wp\/v2\/comments?post=2101"}],"version-history":[{"count":0,"href":"https:\/\/celestemountainlodge.com\/en\/wp-json\/wp\/v2\/pages\/2101\/revisions"}],"wp:attachment":[{"href":"https:\/\/celestemountainlodge.com\/en\/wp-json\/wp\/v2\/media?parent=2101"}],"curies":[{"name":"wp","href":"https:\/\/api.w.org\/{rel}","templated":true}]}}